{"id":11,"date":"2024-11-22T21:05:27","date_gmt":"2024-11-22T21:05:27","guid":{"rendered":"https:\/\/liderdotempo.com.br\/?page_id=11"},"modified":"2024-12-03T15:21:48","modified_gmt":"2024-12-03T15:21:48","slug":"11-2","status":"publish","type":"page","link":"https:\/\/liderdotempo.com.br\/","title":{"rendered":""},"content":{"rendered":"\t\t<div data-elementor-type=\"wp-page\" data-elementor-id=\"11\" class=\"elementor elementor-11\">\n\t\t\t\t<div class=\"elementor-element elementor-element-dce337f e-flex e-con-boxed e-con e-parent\" data-id=\"dce337f\" data-element_type=\"container\" data-settings=\"{&quot;background_background&quot;:&quot;classic&quot;}\">\n\t\t\t\t\t<div class=\"e-con-inner\">\n\t\t\t\t<div class=\"elementor-element elementor-element-0b2ed3a elementor-widget__width-initial elementor-widget-mobile__width-initial elementor-widget elementor-widget-image\" data-id=\"0b2ed3a\" data-element_type=\"widget\" data-widget_type=\"image.default\">\n\t\t\t\t<div class=\"elementor-widget-container\">\n\t\t\t\t\t\t\t\t\t\t\t\t\t<img fetchpriority=\"high\" decoding=\"async\" width=\"800\" height=\"420\" src=\"https:\/\/liderdotempo.com.br\/wp-content\/uploads\/2024\/12\/LOGOS-PRODUTOS-1024x538.png\" class=\"attachment-large size-large wp-image-103\" alt=\"\" srcset=\"https:\/\/liderdotempo.com.br\/wp-content\/uploads\/2024\/12\/LOGOS-PRODUTOS-1024x538.png 1024w, https:\/\/liderdotempo.com.br\/wp-content\/uploads\/2024\/12\/LOGOS-PRODUTOS-300x158.png 300w, https:\/\/liderdotempo.com.br\/wp-content\/uploads\/2024\/12\/LOGOS-PRODUTOS-768x403.png 768w, https:\/\/liderdotempo.com.br\/wp-content\/uploads\/2024\/12\/LOGOS-PRODUTOS.png 1200w\" sizes=\"(max-width: 800px) 100vw, 800px\" \/>\t\t\t\t\t\t\t\t\t\t\t\t\t<\/div>\n\t\t\t\t<\/div>\n\t\t\t\t<div class=\"elementor-element elementor-element-88d82ff elementor-widget elementor-widget-heading\" data-id=\"88d82ff\" data-element_type=\"widget\" data-widget_type=\"heading.default\">\n\t\t\t\t<div class=\"elementor-widget-container\">\n\t\t\t<h3 class=\"elementor-heading-title elementor-size-default\"><span style=\", sans-serif;font-size: 20px\">Assista ao v\u00eddeo abaixo para conhecer o <\/span><span style=\", sans-serif;font-size: 20px\"><u>Processo C.A.L.M.O. <\/u>para libertar sua mente do peso do caos atrav\u00e9s de um sistema simples para viver o que importa.<\/span><\/h3>\t\t<\/div>\n\t\t\t\t<\/div>\n\t\t\t\t<div class=\"elementor-element elementor-element-a07c518 elementor-widget__width-inherit elementor-widget elementor-widget-html\" data-id=\"a07c518\" data-element_type=\"widget\" data-widget_type=\"html.default\">\n\t\t\t\t<div class=\"elementor-widget-container\">\n\t\t\t<div id=\"vid_674f05c94f137b7d0b5ae3ba\" style=\"position: relative; width: 100%; padding: 56.25% 0 0;\"> <img decoding=\"async\" id=\"thumb_674f05c94f137b7d0b5ae3ba\" src=\"https:\/\/images.converteai.net\/653c4223-3aaf-4067-89a9-d871f3cc3349\/players\/674f05c94f137b7d0b5ae3ba\/thumbnail.jpg\" style=\"position: absolute; top: 0; left: 0; width: 100%; height: 100%; object-fit: cover; display: block;\" alt=\"thumbnail\"> <div id=\"backdrop_674f05c94f137b7d0b5ae3ba\" style=\" -webkit-backdrop-filter: blur(5px); backdrop-filter: blur(5px); position: absolute; top: 0; height: 100%; width: 100%; \"><\/div> <\/div> <script type=\"text\/javascript\" id=\"scr_674f05c94f137b7d0b5ae3ba\"> var s=document.createElement(\"script\"); s.src=\"https:\/\/scripts.converteai.net\/653c4223-3aaf-4067-89a9-d871f3cc3349\/players\/674f05c94f137b7d0b5ae3ba\/player.js\", s.async=!0,document.head.appendChild(s); <\/script> <style> .elementor-element:has(#smartplayer) { width: 100%; } <\/style>\t\t<\/div>\n\t\t\t\t<\/div>\n\t\t\t\t<div class=\"elementor-element elementor-element-99e9c04 elementor-align-center elementor-widget elementor-widget-button\" data-id=\"99e9c04\" data-element_type=\"widget\" data-widget_type=\"button.default\">\n\t\t\t\t<div class=\"elementor-widget-container\">\n\t\t\t\t\t\t\t<div class=\"elementor-button-wrapper\">\n\t\t\t\t\t<a class=\"elementor-button elementor-button-link elementor-size-sm\" href=\"https:\/\/w.app\/mentoriakairos\">\n\t\t\t\t\t\t<span class=\"elementor-button-content-wrapper\">\n\t\t\t\t\t\t\t\t\t<span class=\"elementor-button-text\">CLIQUE AQUI DEPOIS DE VER O V\u00cdDEO<\/span>\n\t\t\t\t\t<\/span>\n\t\t\t\t\t<\/a>\n\t\t\t\t<\/div>\n\t\t\t\t\t\t<\/div>\n\t\t\t\t<\/div>\n\t\t\t\t\t<\/div>\n\t\t\t\t<\/div>\n\t\t\t\t<\/div>\n\t\t","protected":false},"excerpt":{"rendered":"<p>Assista ao v\u00eddeo abaixo para conhecer o Processo C.A.L.M.O. para libertar sua mente do peso do caos atrav\u00e9s de um sistema simples para viver o que importa. CLIQUE AQUI DEPOIS DE VER O V\u00cdDEO<\/p>\n","protected":false},"author":1,"featured_media":0,"parent":0,"menu_order":1,"comment_status":"closed","ping_status":"closed","template":"","meta":{"footnotes":""},"class_list":["post-11","page","type-page","status-publish","hentry"],"aioseo_notices":[],"_links":{"self":[{"href":"https:\/\/liderdotempo.com.br\/index.php?rest_route=\/wp\/v2\/pages\/11","targetHints":{"allow":["GET"]}}],"collection":[{"href":"https:\/\/liderdotempo.com.br\/index.php?rest_route=\/wp\/v2\/pages"}],"about":[{"href":"https:\/\/liderdotempo.com.br\/index.php?rest_route=\/wp\/v2\/types\/page"}],"author":[{"embeddable":true,"href":"https:\/\/liderdotempo.com.br\/index.php?rest_route=\/wp\/v2\/users\/1"}],"replies":[{"embeddable":true,"href":"https:\/\/liderdotempo.com.br\/index.php?rest_route=%2Fwp%2Fv2%2Fcomments&post=11"}],"version-history":[{"count":82,"href":"https:\/\/liderdotempo.com.br\/index.php?rest_route=\/wp\/v2\/pages\/11\/revisions"}],"predecessor-version":[{"id":114,"href":"https:\/\/liderdotempo.com.br\/index.php?rest_route=\/wp\/v2\/pages\/11\/revisions\/114"}],"wp:attachment":[{"href":"https:\/\/liderdotempo.com.br\/index.php?rest_route=%2Fwp%2Fv2%2Fmedia&parent=11"}],"curies":[{"name":"wp","href":"https:\/\/api.w.org\/{rel}","templated":true}]}}